{"id":667,"date":"2025-10-14T16:09:36","date_gmt":"2025-10-14T14:09:36","guid":{"rendered":"https:\/\/sosentreprises.fr\/?page_id=667"},"modified":"2025-10-14T16:18:45","modified_gmt":"2025-10-14T14:18:45","slug":"accompagnement-dentreprises-en-difficulte","status":"publish","type":"page","link":"https:\/\/sosentreprises.fr\/index.php\/accompagnement-dentreprises-en-difficulte\/","title":{"rendered":"Accompagnement d&#8217;entreprises en difficult\u00e9"},"content":{"rendered":"","protected":false},"excerpt":{"rendered":"","protected":false},"author":1,"featured_media":0,"parent":0,"menu_order":0,"comment_status":"closed","ping_status":"closed","template":"","meta":{"_seopress_robots_primary_cat":"","_seopress_titles_title":"Accompagnement d'entreprises en difficult\u00e9","_seopress_titles_desc":"En toute confidentialit\u00e9, nos \u00e9quipes interviennent en aide aux entreprises en difficult\u00e9.","_seopress_robots_index":"","footnotes":""},"class_list":["post-667","page","type-page","status-publish","hentry"],"_links":{"self":[{"href":"https:\/\/sosentreprises.fr\/index.php\/wp-json\/wp\/v2\/pages\/667","targetHints":{"allow":["GET"]}}],"collection":[{"href":"https:\/\/sosentreprises.fr\/index.php\/wp-json\/wp\/v2\/pages"}],"about":[{"href":"https:\/\/sosentreprises.fr\/index.php\/wp-json\/wp\/v2\/types\/page"}],"author":[{"embeddable":true,"href":"https:\/\/sosentreprises.fr\/index.php\/wp-json\/wp\/v2\/users\/1"}],"replies":[{"embeddable":true,"href":"https:\/\/sosentreprises.fr\/index.php\/wp-json\/wp\/v2\/comments?post=667"}],"version-history":[{"count":2,"href":"https:\/\/sosentreprises.fr\/index.php\/wp-json\/wp\/v2\/pages\/667\/revisions"}],"predecessor-version":[{"id":673,"href":"https:\/\/sosentreprises.fr\/index.php\/wp-json\/wp\/v2\/pages\/667\/revisions\/673"}],"wp:attachment":[{"href":"https:\/\/sosentreprises.fr\/index.php\/wp-json\/wp\/v2\/media?parent=667"}],"curies":[{"name":"wp","href":"https:\/\/api.w.org\/{rel}","templated":true}]}}